{"id":13733,"date":"2025-11-15T19:28:54","date_gmt":"2025-11-15T18:28:54","guid":{"rendered":"https:\/\/www.tecnimart.com\/politica-de-calidad-y-medio-ambiente\/"},"modified":"2025-12-09T23:47:00","modified_gmt":"2025-12-09T22:47:00","slug":"politica-de-calidad-y-medio-ambiente","status":"publish","type":"page","link":"https:\/\/www.tecnimart.com\/en\/politica-de-calidad-y-medio-ambiente\/","title":{"rendered":"Quality &amp; Environmental Policy"},"content":{"rendered":"\t\t<div data-elementor-type=\"wp-page\" data-elementor-id=\"13733\" class=\"elementor elementor-13733 elementor-13508\" data-elementor-post-type=\"page\">\n\t\t\t\t<div class=\"elementor-element elementor-element-1a1cde7 e-flex e-con-boxed e-con e-parent\" data-id=\"1a1cde7\" data-element_type=\"container\" data-e-type=\"container\">\n\t\t\t\t\t<div class=\"e-con-inner\">\n\t\t<div class=\"elementor-element elementor-element-7523408 e-con-full e-flex e-con e-child\" data-id=\"7523408\" data-element_type=\"container\" data-e-type=\"container\">\n\t\t<div class=\"elementor-element elementor-element-cfe14fb e-con-full e-flex e-con e-child\" data-id=\"cfe14fb\" data-element_type=\"container\" data-e-type=\"container\">\n\t\t\t\t<div class=\"elementor-element elementor-element-39702d1 section-title at-heading-animation at-animation-heading-none elementor-invisible elementor-widget elementor-widget-heading\" data-id=\"39702d1\" data-element_type=\"widget\" data-e-type=\"widget\" data-settings=\"{&quot;_animation&quot;:&quot;fadeInUp&quot;,&quot;ekit_we_effect_on&quot;:&quot;none&quot;}\" data-widget_type=\"heading.default\">\n\t\t\t\t<div class=\"elementor-widget-container\">\n\t\t\t\t\t<h3 class=\"elementor-heading-title elementor-size-default\">TECNIMART<\/h3>\t\t\t\t<\/div>\n\t\t\t\t<\/div>\n\t\t\t\t<div class=\"elementor-element elementor-element-134425c elementor-widget__width-inherit at-heading-animation at-animation-heading-none elementor-invisible elementor-widget elementor-widget-heading\" data-id=\"134425c\" data-element_type=\"widget\" data-e-type=\"widget\" data-settings=\"{&quot;_animation&quot;:&quot;fadeInUp&quot;,&quot;_animation_delay&quot;:100,&quot;ekit_we_effect_on&quot;:&quot;none&quot;}\" data-widget_type=\"heading.default\">\n\t\t\t\t<div class=\"elementor-widget-container\">\n\t\t\t\t\t<h2 class=\"elementor-heading-title elementor-size-default\">Quality &amp; Environmental Policy\n<\/h2>\t\t\t\t<\/div>\n\t\t\t\t<\/div>\n\t\t\t\t<\/div>\n\t\t\t\t<div class=\"elementor-element elementor-element-8db3d1a elementor-widget elementor-widget-text-editor\" data-id=\"8db3d1a\" data-element_type=\"widget\" data-e-type=\"widget\" data-settings=\"{&quot;ekit_we_effect_on&quot;:&quot;none&quot;}\" data-widget_type=\"text-editor.default\">\n\t\t\t\t<div class=\"elementor-widget-container\">\n\t\t\t\t\t\t\t\t\t<p><strong>NOTA LEGAL <\/strong><br>En este apartado se encuentran establecidas las condiciones generales de la p\u00e1gina Web www.tecnimart.com, sitio Web, en adelante.<\/p><p>Sugerimos al usuario lea atentamente este Aviso Legal, record\u00e1ndole que si utiliza nuestro Sitio Web declara la aceptaci\u00f3n plena de todos los apartados vigentes en cada momento en que el usuario acceda a esta p\u00e1gina.<\/p><p><strong>CONTACTO<\/strong><\/p><p><strong>Nombre comercial:<\/strong> Tecnimart<br><strong>Raz\u00f3n social:<\/strong> Tecnimart, S.L.<br><strong>CIF: <\/strong>B78976669<br><strong>Direcci\u00f3n:<\/strong> Plaza de Cristo Rey, 1 (local), 28040, Madrid<br><strong>Tel\u00e9fono<\/strong>: 91 455 15 12<br><strong>Email: info@tecnimart.com<\/strong><\/p><p><strong>T\u00c9RMINOS DE USO<\/strong><\/p><p>El usuario se compromete a hacer un uso adecuado y l\u00edcito del Sitio Web y de sus contenidos, de conformidad con la legislaci\u00f3n aplicable, los presentes T\u00e9rminos de Uso, la Pol\u00edtica de Privacidad, las buenas costumbres generalmente aceptadas y el orden p\u00fablico.<\/p><p><strong>FINALIDAD DE LA P\u00c1GINA WEB<\/strong><\/p><p>P\u00e1gina web \u00fanicamente para la difusi\u00f3n y promoci\u00f3n de los servicios ofertados por Tecnimart.<\/p><p><strong>LEGISLACI\u00d3N<\/strong><\/p><p>Con car\u00e1cter general las relaciones entre Tecnimart con los usuarios de sus servicios telem\u00e1ticos, presentes en este sitio web, se encuentran sometidas a la legislaci\u00f3n y jurisdicci\u00f3n espa\u00f1olas, cumpliendo adem\u00e1s el nuevo Reglamento General de Protecci\u00f3n de Datos.<\/p><p><strong>USO Y ACCESO DE USUARIOS<\/strong><\/p><p>El Usuario queda informado, y acepta, que el acceso a este sitio Web no supone, en modo alguno, el inicio de una relaci\u00f3n comercial con Tecnimart.<\/p><p><strong>PROPIEDAD INTELECTUAL E INDUSTRIAL<\/strong><\/p><p>Todos los Contenidos, as\u00ed como los elementos insertados en los mismos (que incluyen, entre otros, datos, im\u00e1genes, fotograf\u00edas, gr\u00e1ficos, animaciones, creatividades, v\u00eddeo, dibujos, textos, logotipos, nombres comerciales o signos distintivos, combinaciones de colores, etc.) son propiedad de Tecnimart, a excepci\u00f3n de los contenidos de libre difusi\u00f3n.<\/p><p>La prestaci\u00f3n de los servicios y publicaci\u00f3n de los Contenidos a trav\u00e9s de la P\u00e1gina no implicar\u00e1 en ning\u00fan caso la cesi\u00f3n, renuncia o transmisi\u00f3n, total o parcial, de la titularidad de los correspondientes derechos de propiedad intelectual e industrial, ni de cualquier otro derecho.<\/p><p>Asimismo, el usuario no podr\u00e1 utilizar, difundir, distribuir, publicar, exportar, explotar, reproducir ni copiar todo o parte del Contenido o del dise\u00f1o de este sitio Web (incluyendo marca gr\u00e1fica, denominativa, leyenda, comentarios, frases, etc.) sin el previo consentimiento expreso y por escrito de Tecnimart.<\/p><p><strong>CONTENIDO DE LA WEB Y ENLACES (LINKS)<\/strong><\/p><p>Tecnimart se reserva el derecho a actualizar, modificar o eliminar la informaci\u00f3n contenida en sus p\u00e1ginas web pudiendo incluso limitar o no permitir el acceso a dicha informaci\u00f3n a ciertos usuarios.<\/p><p>Tecnimart no asume responsabilidad alguna por la informaci\u00f3n contenida en p\u00e1ginas web de terceros a las que se pueda acceder por \u00ablinks\u00bb o enlaces desde cualquier p\u00e1gina web propiedad de Tecnimart. La presencia de \u00ablinks\u00bb o enlaces en las p\u00e1ginas web de este sitio Web tiene finalidad \u00fanicamente informativa y en ning\u00fan caso supone sugerencia, invitaci\u00f3n o recomendaci\u00f3n sobre los mismos. <\/p><p><strong>POL\u00cdTICA DE PRIVACIDAD<\/strong><\/p><p>Tecnimart, se compromete a asegurar que tu informaci\u00f3n personal se encuentre protegida y no se utiliza de forma indebida. Al facilitarnos tu informaci\u00f3n personal y utilizar nuestro sitio Web, entendemos que has le\u00eddo y comprendido los t\u00e9rminos relacionados con la informaci\u00f3n de protecci\u00f3n de datos de car\u00e1cter personal que se exponen. En Tecnimart asumimos la responsabilidad de cumplir con la legislaci\u00f3n vigente en materia de protecci\u00f3n de datos nacional y europea, y tenemos el objetivo de tratar tus datos de manera l\u00edcita, leal y transparente.  <\/p><p><strong>USO DE SU INFORMACI\u00d3N<\/strong><\/p><p>El usuario que accede a este sitio Web no est\u00e1 obligado a proporcionar informaci\u00f3n personal para el uso de dicha P\u00e1gina, por tanto, cualquier comunicaci\u00f3n de datos a tales efectos lo ser\u00e1 porque el usuario voluntariamente ha decidido una navegaci\u00f3n o uso de los Contenidos.<br>En cumplimiento de lo dispuesto en el Reglamento (UE) 2016\/679 del Parlamento Europeo y del Consejo del 27 de abril, relativo a la protecci\u00f3n de las personas f\u00edsicas en lo que respecta al tratamiento de datos personales y a la libre circulaci\u00f3n de estos datos, (en adelante, la RGPD), Tecnimart detalla la siguiente informaci\u00f3n:<\/p><p><strong>RESPONSABLE<\/strong>: Jaime Mart\u00ed Marcos, como <strong>responsable<\/strong> del fichero en el cual se contendr\u00e1n los datos personales que el usuario proporcione, informa, a continuaci\u00f3n, a los usuarios que voluntariamente utilizan estos Contenidos, del tratamiento y protecci\u00f3n de sus datos de car\u00e1cter personal.<\/p><p>La utilizaci\u00f3n de cualquier Contenido de este sitio Web supone la aceptaci\u00f3n expresa y plena de la presente Pol\u00edtica de Privacidad y del tratamiento de sus datos.<\/p><p><strong>FINALIDAD<\/strong>: Las finalidades de la recogida y tratamiento de los datos de los usuarios consisten en:<\/p><ul><li>la gesti\u00f3n del alta de los usuarios que se han registrado en la P\u00e1gina porque desean acceder a los contenidos, as\u00ed como a cualquier informaci\u00f3n, servicios u otras actividades cuyo acceso exige que el usuario est\u00e9 registrado, as\u00ed como para la investigaci\u00f3n, promoci\u00f3n y comercializaci\u00f3n de los servicios de Tecnimart.<\/li><li>En particular, an\u00e1lisis interno, promociones y comercializaci\u00f3n. El usurario autoriza la utilizaci\u00f3n de su informaci\u00f3n para fines propios de estad\u00edstica interna, tales como calcular el tama\u00f1o de nuestra clientela real o potencial, medir pautas de circulaci\u00f3n, comprender los intereses de compra del cliente, as\u00ed como otras tendencias de los visitantes y clientes. Igualmente, el usuario autoriza la utilizaci\u00f3n de su informaci\u00f3n personal para el marketing y\/o gesti\u00f3n, promoci\u00f3n, publicidad y servicios deTecnimart.  <\/li><li>S\u00f3lo almacenamos tu informaci\u00f3n personal en la medida en que la necesitamos a fin de poder utilizarla seg\u00fan la finalidad por la que fue recabada, y seg\u00fan la base jur\u00eddica del tratamiento de la misma de conformidad con la ley aplicable. Mantendremos tu informaci\u00f3n personal mientras exista una relaci\u00f3n contractual y\/o comercial contigo o mientras no ejerzas tu derecho de supresi\u00f3n, cancelaci\u00f3n y\/o limitaci\u00f3n del tratamiento de tus datos. <\/li><\/ul><p>En estos casos mantendremos la informaci\u00f3n debidamente bloqueada, sin darle ning\u00fan uso, mientras pueda ser necesaria para el ejercicio o defensa de reclamaciones o pueda derivarse alg\u00fan tipo de responsabilidad judicial, legal o contractual de su tratamiento, que deba ser atendida y para lo cual sea necesaria su recuperaci\u00f3n. En ning\u00fan caso se mantendr\u00e1n tus datos m\u00e1s de 10 a\u00f1os desde la finalizaci\u00f3n de la relaci\u00f3n contractual, plazo de conservaci\u00f3n obligatorio establecido por la Ley 10\/2010, de 28 de abril, de prevenci\u00f3n del blanqueo de capitales y la financiaci\u00f3n del terrorismo. <\/p><p><strong>LEGITIMIZACI\u00d3N: <\/strong>La base legal para el tratamiento de sus datos es la ejecuci\u00f3n del contrato de servicios suscrito con Tecnimart. La oferta de servicios est\u00e1 basada en el consentimiento que se le solicita, sin que en ning\u00fan caso la retirada de este consentimiento condicione la ejecuci\u00f3n de los contratos vigentes. <\/p><p><strong>DESTINATARIOS:<\/strong> S\u00f3lo se ceder\u00e1n los datos personales a terceras sociedades ajenas aTecnimart con el previo consentimiento del usuario. Para ello se le advertir\u00e1 expresamente en los formularios de recogida de datos junto con la identificaci\u00f3n de la sociedad que los ceda y dicho tercero, el tipo de actividades a las que se dedica y la finalidad a que responde la cesi\u00f3n. <\/p><p>Tecnimart podr\u00e1 revelar informaci\u00f3n personal si est\u00e1 obligada a divulgar la informaci\u00f3n en virtud de una orden judicial o emitido por una autoridad administrativa u otra norma imperativa o cualquier normativa aplicable; para responder a demandas o reclamaciones de terceros y si actuando de buena fe, creemos que es necesario para defender los derechos deTecnimart.<\/p><p><strong>DERECHOS:<\/strong> El Usuario podr\u00e1 ejercitar sus derechos de acceso, rectificaci\u00f3n, supresi\u00f3n, limitaci\u00f3n, oposici\u00f3n, cancelaci\u00f3n, y portabilidad de sus datos personales, a trav\u00e9s del domicilio social arriba indicado.<\/p><p>Cualquier persona tiene derecho a obtener confirmaci\u00f3n sobre si enTecnimart estamos tratando datos personales que les conciernan, o no.<\/p><p>Las personas interesadas tienen derecho a acceder a sus datos personales, as\u00ed como a solicitar la rectificaci\u00f3n de los datos inexactos o, en su caso, solicitar su supresi\u00f3n cuando, entre otros motivos, los datos ya no sean necesarios para los fines que fueron recogidos.<\/p><p>En determinadas circunstancias, los interesados podr\u00e1n solicitar la limitaci\u00f3n del tratamiento de sus datos, en cuyo caso \u00fanicamente los conservaremos para el ejercicio o la defensa de reclamaciones.<\/p><p>En determinadas circunstancias y por motivos relacionados con su situaci\u00f3n particular, los interesados podr\u00e1n oponerse al tratamiento de sus datos. En este caso, Tecnimart, dejar\u00e1 de tratar los datos, salvo por motivos leg\u00edtimos imperiosos, o el ejercicio o la defensa de posibles reclamaciones.<br>Si ha otorgado su consentimiento para alguna finalidad concreta, tiene derecho a retirar el consentimiento otorgado en cualquier momento, sin que ello afecte a la licitud del tratamiento basado en el consentimiento previo a su retirada. <\/p><p>Si tiene cualquier duda o preocupaci\u00f3n acerca de la forma en que tratamos y usamos sus datos personales o desea ejercer cualquiera de los derechos anteriormente descritos, p\u00f3ngase en contacto con Tecnimart o escr\u00edbanos a la siguiente direcci\u00f3n info@tecnimart.com<\/p><p>En caso de que sienta vulnerados sus derechos en lo concerniente a la protecci\u00f3n de sus datos personales, especialmente cuando no haya obtenido satisfacci\u00f3n en el ejercicio de sus derechos, puede presentar una reclamaci\u00f3n ante la Autoridad de Control en materia de Protecci\u00f3n de Datos competente a trav\u00e9s de su sitio web: <a href=\"http:\/\/www.agpd.es\/\">www.agpd.es<\/a>.<\/p>\t\t\t\t\t\t\t\t<\/div>\n\t\t\t\t<\/div>\n\t\t\t\t<\/div>\n\t\t\t\t\t<\/div>\n\t\t\t\t<\/div>\n\t\t\t\t<\/div>\n\t\t","protected":false},"excerpt":{"rendered":"<p>TECNIMART Quality &amp; Environmental Policy NOTA LEGAL En este apartado se encuentran [&hellip;]<\/p>\n","protected":false},"author":2,"featured_media":0,"parent":0,"menu_order":0,"comment_status":"closed","ping_status":"closed","template":"","meta":{"footnotes":""},"class_list":["post-13733","page","type-page","status-publish","hentry"],"yoast_head":"<!-- This site is optimized with the Yoast SEO plugin v27.5 - https:\/\/yoast.com\/product\/yoast-seo-wordpress\/ -->\n<title>Quality &amp; Environmental Policy - TECNIMART<\/title>\n<meta name=\"robots\" content=\"index, follow, max-snippet:-1, max-image-preview:large, max-video-preview:-1\" \/>\n<link rel=\"canonical\" href=\"https:\/\/www.tecnimart.com\/en\/politica-de-calidad-y-medio-ambiente\/\" \/>\n<meta property=\"og:locale\" content=\"en_US\" \/>\n<meta property=\"og:type\" content=\"article\" \/>\n<meta property=\"og:title\" content=\"Quality &amp; Environmental Policy - TECNIMART\" \/>\n<meta property=\"og:description\" content=\"TECNIMART Quality &amp; Environmental Policy NOTA LEGAL En este apartado se encuentran [&hellip;]\" \/>\n<meta property=\"og:url\" content=\"https:\/\/www.tecnimart.com\/en\/politica-de-calidad-y-medio-ambiente\/\" \/>\n<meta property=\"og:site_name\" content=\"TECNIMART\" \/>\n<meta property=\"article:modified_time\" content=\"2025-12-09T22:47:00+00:00\" \/>\n<meta name=\"twitter:card\" content=\"summary_large_image\" \/>\n<meta name=\"twitter:label1\" content=\"Est. reading time\" \/>\n\t<meta name=\"twitter:data1\" content=\"8 minutes\" \/>\n<script type=\"application\/ld+json\" class=\"yoast-schema-graph\">{\"@context\":\"https:\\\/\\\/schema.org\",\"@graph\":[{\"@type\":\"WebPage\",\"@id\":\"https:\\\/\\\/www.tecnimart.com\\\/en\\\/politica-de-calidad-y-medio-ambiente\\\/\",\"url\":\"https:\\\/\\\/www.tecnimart.com\\\/en\\\/politica-de-calidad-y-medio-ambiente\\\/\",\"name\":\"Quality &amp; Environmental Policy - TECNIMART\",\"isPartOf\":{\"@id\":\"https:\\\/\\\/www.tecnimart.com\\\/#website\"},\"datePublished\":\"2025-11-15T18:28:54+00:00\",\"dateModified\":\"2025-12-09T22:47:00+00:00\",\"breadcrumb\":{\"@id\":\"https:\\\/\\\/www.tecnimart.com\\\/en\\\/politica-de-calidad-y-medio-ambiente\\\/#breadcrumb\"},\"inLanguage\":\"en-US\",\"potentialAction\":[{\"@type\":\"ReadAction\",\"target\":[\"https:\\\/\\\/www.tecnimart.com\\\/en\\\/politica-de-calidad-y-medio-ambiente\\\/\"]}]},{\"@type\":\"BreadcrumbList\",\"@id\":\"https:\\\/\\\/www.tecnimart.com\\\/en\\\/politica-de-calidad-y-medio-ambiente\\\/#breadcrumb\",\"itemListElement\":[{\"@type\":\"ListItem\",\"position\":1,\"name\":\"Portada\",\"item\":\"https:\\\/\\\/www.tecnimart.com\\\/en\\\/\"},{\"@type\":\"ListItem\",\"position\":2,\"name\":\"Quality &amp; Environmental Policy\"}]},{\"@type\":\"WebSite\",\"@id\":\"https:\\\/\\\/www.tecnimart.com\\\/#website\",\"url\":\"https:\\\/\\\/www.tecnimart.com\\\/\",\"name\":\"TECNIMART\",\"description\":\"TECH IN TELECOM\",\"publisher\":{\"@id\":\"https:\\\/\\\/www.tecnimart.com\\\/#organization\"},\"potentialAction\":[{\"@type\":\"SearchAction\",\"target\":{\"@type\":\"EntryPoint\",\"urlTemplate\":\"https:\\\/\\\/www.tecnimart.com\\\/?s={search_term_string}\"},\"query-input\":{\"@type\":\"PropertyValueSpecification\",\"valueRequired\":true,\"valueName\":\"search_term_string\"}}],\"inLanguage\":\"en-US\"},{\"@type\":\"Organization\",\"@id\":\"https:\\\/\\\/www.tecnimart.com\\\/#organization\",\"name\":\"TECNIMART\",\"url\":\"https:\\\/\\\/www.tecnimart.com\\\/\",\"logo\":{\"@type\":\"ImageObject\",\"inLanguage\":\"en-US\",\"@id\":\"https:\\\/\\\/www.tecnimart.com\\\/#\\\/schema\\\/logo\\\/image\\\/\",\"url\":\"https:\\\/\\\/www.tecnimart.com\\\/wp-content\\\/uploads\\\/2024\\\/10\\\/logoTMb.svg\",\"contentUrl\":\"https:\\\/\\\/www.tecnimart.com\\\/wp-content\\\/uploads\\\/2024\\\/10\\\/logoTMb.svg\",\"width\":251,\"height\":51,\"caption\":\"TECNIMART\"},\"image\":{\"@id\":\"https:\\\/\\\/www.tecnimart.com\\\/#\\\/schema\\\/logo\\\/image\\\/\"}}]}<\/script>\n<!-- \/ Yoast SEO plugin. -->","yoast_head_json":{"title":"Quality &amp; Environmental Policy - TECNIMART","robots":{"index":"index","follow":"follow","max-snippet":"max-snippet:-1","max-image-preview":"max-image-preview:large","max-video-preview":"max-video-preview:-1"},"canonical":"https:\/\/www.tecnimart.com\/en\/politica-de-calidad-y-medio-ambiente\/","og_locale":"en_US","og_type":"article","og_title":"Quality &amp; Environmental Policy - TECNIMART","og_description":"TECNIMART Quality &amp; Environmental Policy NOTA LEGAL En este apartado se encuentran [&hellip;]","og_url":"https:\/\/www.tecnimart.com\/en\/politica-de-calidad-y-medio-ambiente\/","og_site_name":"TECNIMART","article_modified_time":"2025-12-09T22:47:00+00:00","twitter_card":"summary_large_image","twitter_misc":{"Est. reading time":"8 minutes"},"schema":{"@context":"https:\/\/schema.org","@graph":[{"@type":"WebPage","@id":"https:\/\/www.tecnimart.com\/en\/politica-de-calidad-y-medio-ambiente\/","url":"https:\/\/www.tecnimart.com\/en\/politica-de-calidad-y-medio-ambiente\/","name":"Quality &amp; Environmental Policy - TECNIMART","isPartOf":{"@id":"https:\/\/www.tecnimart.com\/#website"},"datePublished":"2025-11-15T18:28:54+00:00","dateModified":"2025-12-09T22:47:00+00:00","breadcrumb":{"@id":"https:\/\/www.tecnimart.com\/en\/politica-de-calidad-y-medio-ambiente\/#breadcrumb"},"inLanguage":"en-US","potentialAction":[{"@type":"ReadAction","target":["https:\/\/www.tecnimart.com\/en\/politica-de-calidad-y-medio-ambiente\/"]}]},{"@type":"BreadcrumbList","@id":"https:\/\/www.tecnimart.com\/en\/politica-de-calidad-y-medio-ambiente\/#breadcrumb","itemListElement":[{"@type":"ListItem","position":1,"name":"Portada","item":"https:\/\/www.tecnimart.com\/en\/"},{"@type":"ListItem","position":2,"name":"Quality &amp; Environmental Policy"}]},{"@type":"WebSite","@id":"https:\/\/www.tecnimart.com\/#website","url":"https:\/\/www.tecnimart.com\/","name":"TECNIMART","description":"TECH IN TELECOM","publisher":{"@id":"https:\/\/www.tecnimart.com\/#organization"},"potentialAction":[{"@type":"SearchAction","target":{"@type":"EntryPoint","urlTemplate":"https:\/\/www.tecnimart.com\/?s={search_term_string}"},"query-input":{"@type":"PropertyValueSpecification","valueRequired":true,"valueName":"search_term_string"}}],"inLanguage":"en-US"},{"@type":"Organization","@id":"https:\/\/www.tecnimart.com\/#organization","name":"TECNIMART","url":"https:\/\/www.tecnimart.com\/","logo":{"@type":"ImageObject","inLanguage":"en-US","@id":"https:\/\/www.tecnimart.com\/#\/schema\/logo\/image\/","url":"https:\/\/www.tecnimart.com\/wp-content\/uploads\/2024\/10\/logoTMb.svg","contentUrl":"https:\/\/www.tecnimart.com\/wp-content\/uploads\/2024\/10\/logoTMb.svg","width":251,"height":51,"caption":"TECNIMART"},"image":{"@id":"https:\/\/www.tecnimart.com\/#\/schema\/logo\/image\/"}}]}},"_links":{"self":[{"href":"https:\/\/www.tecnimart.com\/en\/wp-json\/wp\/v2\/pages\/13733","targetHints":{"allow":["GET"]}}],"collection":[{"href":"https:\/\/www.tecnimart.com\/en\/wp-json\/wp\/v2\/pages"}],"about":[{"href":"https:\/\/www.tecnimart.com\/en\/wp-json\/wp\/v2\/types\/page"}],"author":[{"embeddable":true,"href":"https:\/\/www.tecnimart.com\/en\/wp-json\/wp\/v2\/users\/2"}],"replies":[{"embeddable":true,"href":"https:\/\/www.tecnimart.com\/en\/wp-json\/wp\/v2\/comments?post=13733"}],"version-history":[{"count":3,"href":"https:\/\/www.tecnimart.com\/en\/wp-json\/wp\/v2\/pages\/13733\/revisions"}],"predecessor-version":[{"id":13743,"href":"https:\/\/www.tecnimart.com\/en\/wp-json\/wp\/v2\/pages\/13733\/revisions\/13743"}],"wp:attachment":[{"href":"https:\/\/www.tecnimart.com\/en\/wp-json\/wp\/v2\/media?parent=13733"}],"curies":[{"name":"wp","href":"https:\/\/api.w.org\/{rel}","templated":true}]}}